{"id":16,"date":"2015-12-02T10:52:51","date_gmt":"2015-12-02T10:52:51","guid":{"rendered":"http:\/\/theme-fusion.com\/avada\/university\/?page_id=16"},"modified":"2024-03-21T23:48:44","modified_gmt":"2024-03-22T02:48:44","slug":"o-que-acontece","status":"publish","type":"page","link":"https:\/\/ammas.org.br\/index.php\/o-que-acontece\/","title":{"rendered":"O que Acontece"},"content":{"rendered":"<div class=\"fusion-fullwidth fullwidth-box fusion-builder-row-1 fusion-flex-container nonhundred-percent-fullwidth non-hundred-percent-height-scrolling\" style=\"--awb-background-position:left top;--awb-border-sizes-top:0px;--awb-border-sizes-bottom:0px;--awb-border-sizes-left:0px;--awb-border-sizes-right:0px;--awb-border-radius-top-left:0px;--awb-border-radius-top-right:0px;--awb-border-radius-bottom-right:0px;--awb-border-radius-bottom-left:0px;--awb-padding-top:90px;--awb-padding-bottom:30px;--awb-background-color:var(--awb-color2);--awb-flex-wrap:wrap;\" ><div class=\"fusion-builder-row fusion-row fusion-flex-align-items-flex-start fusion-flex-content-wrap\" style=\"max-width:1331.2px;margin-left: calc(-4% \/ 2 );margin-right: calc(-4% \/ 2 );\"><div class=\"fusion-layout-column fusion_builder_column fusion-builder-column-0 fusion_builder_column_1_1 1_1 fusion-flex-column\" style=\"--awb-bg-blend:overlay;--awb-bg-size:cover;--awb-width-large:100%;--awb-margin-top-large:10px;--awb-spacing-right-large:1.92%;--awb-margin-bottom-large:10px;--awb-spacing-left-large:1.92%;--awb-width-medium:100%;--awb-spacing-right-medium:1.92%;--awb-spacing-left-medium:1.92%;--awb-width-small:100%;--awb-spacing-right-small:1.92%;--awb-spacing-left-small:1.92%;\"><div class=\"fusion-column-wrapper fusion-flex-justify-content-flex-start fusion-content-layout-column\"><div class=\"fusion-post-cards fusion-post-cards-1 fusion-grid-archive fusion-grid-columns-2\" style=\"--awb-dots-align:center;--awb-columns:2;--awb-active-filter-border-size:3px;--awb-filters-height:36px;--awb-columns-medium:100%;\"><ul class=\"fusion-grid fusion-grid-2 fusion-flex-align-items-stretch fusion-grid-posts-cards fusion-grid-container-infinite\" data-pages=\"1\"><li class=\"fusion-layout-column fusion_builder_column fusion-builder-column-1 fusion-flex-column post-card fusion-grid-column fusion-post-cards-grid-column\" style=\"--awb-padding-bottom:30px;--awb-bg-color:var(--awb-color1);--awb-bg-color-hover:var(--awb-color1);--awb-bg-size:cover;\"><div class=\"fusion-column-wrapper fusion-flex-justify-content-flex-start fusion-content-layout-column\"><div class=\"fusion-classic-product-image-wrapper fusion-woo-product-image fusion-post-card-image fusion-post-card-image-1 has-aspect-ratio\" data-layout=\"static\" style=\"--awb-margin-bottom:20px;--awb-aspect-ratio:1.6666666666667;\"><div  class=\"fusion-image-wrapper\" aria-haspopup=\"true\">\n\t\t\t\t\t\t\t<a href=\"https:\/\/ammas.org.br\/index.php\/2024\/03\/21\/ola-comunidade\/\" aria-label=\"Novo Momento da Associa\u00e7\u00e3o\">\n\t\t\t\t\t\t\t<img decoding=\"async\" width=\"1396\" height=\"890\" src=\"https:\/\/ammas.org.br\/wp-content\/uploads\/2024\/03\/Captura-de-Tela-2024-03-21-as-23.00.01.png\" class=\"attachment-full size-full lazyload wp-post-image\" alt=\"\" srcset=\"data:image\/svg+xml,%3Csvg%20xmlns%3D%27http%3A%2F%2Fwww.w3.org%2F2000%2Fsvg%27%20width%3D%271396%27%20height%3D%27890%27%20viewBox%3D%270%200%201396%20890%27%3E%3Crect%20width%3D%271396%27%20height%3D%27890%27%20fill-opacity%3D%220%22%2F%3E%3C%2Fsvg%3E\" data-orig-src=\"https:\/\/ammas.org.br\/wp-content\/uploads\/2024\/03\/Captura-de-Tela-2024-03-21-as-23.00.01.png\" data-srcset=\"https:\/\/ammas.org.br\/wp-content\/uploads\/2024\/03\/Captura-de-Tela-2024-03-21-as-23.00.01-200x128.png 200w, https:\/\/ammas.org.br\/wp-content\/uploads\/2024\/03\/Captura-de-Tela-2024-03-21-as-23.00.01-400x255.png 400w, https:\/\/ammas.org.br\/wp-content\/uploads\/2024\/03\/Captura-de-Tela-2024-03-21-as-23.00.01-600x383.png 600w, https:\/\/ammas.org.br\/wp-content\/uploads\/2024\/03\/Captura-de-Tela-2024-03-21-as-23.00.01-800x510.png 800w, https:\/\/ammas.org.br\/wp-content\/uploads\/2024\/03\/Captura-de-Tela-2024-03-21-as-23.00.01-1200x765.png 1200w, https:\/\/ammas.org.br\/wp-content\/uploads\/2024\/03\/Captura-de-Tela-2024-03-21-as-23.00.01.png 1396w\" data-sizes=\"auto\" \/>\t\t\t<\/a>\n\t\t\t\t\t\t\t<\/div>\n<\/div><div class=\"fusion-title title fusion-title-1 fusion-sep-none fusion-title-text fusion-title-size-four\" style=\"--awb-margin-right:30px;--awb-margin-bottom:6px;--awb-margin-left:30px;--awb-margin-right-small:30px;--awb-margin-left-small:30px;--awb-link-hover-color:var(--awb-color5);--awb-font-size:22px;\"><h4 class=\"fusion-title-heading title-heading-left fusion-responsive-typography-calculated\" style=\"margin:0;font-size:1em;text-transform:capitalize;--fontSize:22;--minFontSize:22;line-height:1.4;\"><a href=\"https:\/\/ammas.org.br\/index.php\/2024\/03\/21\/ola-comunidade\/\" class=\"awb-custom-text-color awb-custom-text-hover-color\" target=\"_self\">Novo Momento da Associa\u00e7\u00e3o<\/a><\/h4><\/div><div class=\"fusion-meta-tb fusion-meta-tb-1 floated\" style=\"--awb-border-bottom:0px;--awb-border-top:0px;--awb-height:36px;--awb-margin-bottom:10px;--awb-padding-left:30px;--awb-padding-right:30px;--awb-text-color:var(--awb-color6);--awb-alignment-medium:flex-start;--awb-alignment-small:flex-start;\"><span class=\"fusion-tb-author\"><span><a href=\"https:\/\/ammas.org.br\/index.php\/author\/admin\/\" title=\"Posts de admin\" rel=\"author\">admin<\/a><\/span><\/span><span class=\"fusion-meta-tb-sep\">|<\/span><span class=\"fusion-tb-modified-date\">mar\u00e7o 22nd, 2024<\/span><span class=\"fusion-meta-tb-sep\">|<\/span><\/div><div class=\"fusion-content-tb fusion-content-tb-1\" style=\"--awb-margin-bottom:20px;--awb-margin-left:30px;--awb-margin-right:30px;\"><p>Boas-vindas a p\u00e1gina oficial da AMMAS.\u00a0 Estamos incrivelmente felizes em abrir este novo espa\u00e7o de comunica\u00e7\u00e3o e conex\u00e3o para todos os membros da nossa associa\u00e7\u00e3o e vizinhan\u00e7a. Aqui, vamos compartilhar todas as a\u00e7\u00f5es realizadas, as melhorias em curso e as novidades empolgantes da nossa associa\u00e7\u00e3o. Este espa\u00e7o \u00e9 dedicado a voc\u00eas, membros da associa\u00e7\u00e3o, para<a href=\"https:\/\/ammas.org.br\/index.php\/2024\/03\/21\/ola-comunidade\/\"> [...]<\/a><\/p><\/div><div class=\"fusion-separator fusion-full-width-sep\" style=\"align-self: center;margin-left: auto;margin-right: auto;flex-grow:1;width:100%;\"><\/div><div class=\"fusion-builder-row fusion-builder-row-inner fusion-row fusion-flex-align-items-flex-start fusion-flex-content-wrap\" style=\"width:104% !important;max-width:104% !important;margin-left: calc(-4% \/ 2 );margin-right: calc(-4% \/ 2 );\"><div class=\"fusion-layout-column fusion_builder_column_inner fusion-builder-nested-column-0 fusion_builder_column_inner_1_2 1_2 fusion-flex-column\" style=\"--awb-padding-left:30px;--awb-padding-left-medium:30px;--awb-bg-size:cover;--awb-width-large:50%;--awb-margin-top-large:0px;--awb-spacing-right-large:3.84%;--awb-margin-bottom-large:0px;--awb-spacing-left-large:3.84%;--awb-width-medium:50%;--awb-order-medium:0;--awb-spacing-right-medium:3.84%;--awb-spacing-left-medium:3.84%;--awb-width-small:100%;--awb-order-small:0;--awb-spacing-right-small:1.92%;--awb-spacing-left-small:1.92%;\"><div class=\"fusion-column-wrapper fusion-column-has-shadow fusion-flex-justify-content-flex-start fusion-content-layout-column\"><div ><a class=\"fusion-button button-flat button-medium button-custom fusion-button-default button-1 fusion-button-span-no fusion-button-default-type\" style=\"--button_accent_color:var(--awb-color7);--button_border_color:var(--awb-color7);--button_accent_hover_color:var(--awb-color1);--button_border_hover_color:var(--awb-color1);--button_gradient_top_color:var(--awb-color2);--button_gradient_bottom_color:var(--awb-color2);--button_gradient_top_color_hover:var(--awb-color5);--button_gradient_bottom_color_hover:var(--awb-color5);\" target=\"_self\" href=\"https:\/\/ammas.org.br\/index.php\/2024\/03\/21\/ola-comunidade\/\"><span class=\"fusion-button-text\">read more<\/span><\/a><\/div><\/div><\/div><div class=\"fusion-layout-column fusion_builder_column_inner fusion-builder-nested-column-1 fusion_builder_column_inner_1_2 1_2 fusion-flex-column\" style=\"--awb-padding-right:30px;--awb-padding-top-small:20px;--awb-padding-left-small:20px;--awb-bg-size:cover;--awb-width-large:50%;--awb-margin-top-large:0px;--awb-spacing-right-large:3.84%;--awb-margin-bottom-large:0px;--awb-spacing-left-large:3.84%;--awb-width-medium:50%;--awb-order-medium:0;--awb-spacing-right-medium:3.84%;--awb-spacing-left-medium:3.84%;--awb-width-small:100%;--awb-order-small:0;--awb-spacing-right-small:1.92%;--awb-spacing-left-small:1.92%;\"><div class=\"fusion-column-wrapper fusion-column-has-shadow fusion-flex-justify-content-flex-start fusion-content-layout-column\"><div class=\"fusion-meta-tb fusion-meta-tb-2 floated\" style=\"--awb-border-bottom:0px;--awb-border-top:0px;--awb-height:36px;--awb-padding-left:20px;--awb-padding-right:20px;--awb-text-color:var(--awb-color6);--awb-alignment:flex-end;--awb-alignment-medium:flex-end;--awb-alignment-small:flex-start;\"><span class=\"fusion-tb-comments\"><a href=\"https:\/\/ammas.org.br\/index.php\/2024\/03\/21\/ola-comunidade\/#comments\"><i class=\"awb-icon-bubbles\"><\/i> 1<span class=\"screen-reader-text\"> comment on Novo Momento da Associa\u00e7\u00e3o<\/span><\/a><\/span><span class=\"fusion-meta-tb-sep\">|<\/span><\/div><\/div><\/div><\/div><\/div><\/li>\n<\/ul><\/div><\/div><\/div><\/div><\/div>\n","protected":false},"excerpt":{"rendered":"","protected":false},"author":1,"featured_media":0,"parent":0,"menu_order":0,"comment_status":"closed","ping_status":"closed","template":"100-width.php","meta":{"footnotes":""},"class_list":["post-16","page","type-page","status-publish","hentry"],"_links":{"self":[{"href":"https:\/\/ammas.org.br\/index.php\/wp-json\/wp\/v2\/pages\/16","targetHints":{"allow":["GET"]}}],"collection":[{"href":"https:\/\/ammas.org.br\/index.php\/wp-json\/wp\/v2\/pages"}],"about":[{"href":"https:\/\/ammas.org.br\/index.php\/wp-json\/wp\/v2\/types\/page"}],"author":[{"embeddable":true,"href":"https:\/\/ammas.org.br\/index.php\/wp-json\/wp\/v2\/users\/1"}],"replies":[{"embeddable":true,"href":"https:\/\/ammas.org.br\/index.php\/wp-json\/wp\/v2\/comments?post=16"}],"version-history":[{"count":1,"href":"https:\/\/ammas.org.br\/index.php\/wp-json\/wp\/v2\/pages\/16\/revisions"}],"predecessor-version":[{"id":2638,"href":"https:\/\/ammas.org.br\/index.php\/wp-json\/wp\/v2\/pages\/16\/revisions\/2638"}],"wp:attachment":[{"href":"https:\/\/ammas.org.br\/index.php\/wp-json\/wp\/v2\/media?parent=16"}],"curies":[{"name":"wp","href":"https:\/\/api.w.org\/{rel}","templated":true}]}}